{"id":3905,"date":"2025-12-03T09:52:44","date_gmt":"2025-12-03T01:52:44","guid":{"rendered":"https:\/\/jiuguangmetal.com\/?page_id=3905"},"modified":"2025-12-03T09:57:40","modified_gmt":"2025-12-03T01:57:40","slug":"paslanmaz-celi%cc%87k-merdi%cc%87ven-korkulugu-2","status":"publish","type":"page","link":"https:\/\/jiuguangmetal.com\/tr\/paslanmaz-celi%cc%87k-merdi%cc%87ven-korkulugu-2\/","title":{"rendered":"Ticari ve Konut Projeleri i\u00e7in Paslanmaz \u00c7elik Merdiven Korkulu\u011fu \u00dcreticisi"},"content":{"rendered":"","protected":false},"excerpt":{"rendered":"","protected":false},"author":1,"featured_media":0,"parent":0,"menu_order":15,"comment_status":"closed","ping_status":"closed","template":"product_three.php","meta":{"_acf_changed":false,"footnotes":""},"class_list":["post-3905","page","type-page","status-publish","hentry"],"acf":[],"_links":{"self":[{"href":"https:\/\/jiuguangmetal.com\/tr\/wp-json\/wp\/v2\/pages\/3905","targetHints":{"allow":["GET"]}}],"collection":[{"href":"https:\/\/jiuguangmetal.com\/tr\/wp-json\/wp\/v2\/pages"}],"about":[{"href":"https:\/\/jiuguangmetal.com\/tr\/wp-json\/wp\/v2\/types\/page"}],"author":[{"embeddable":true,"href":"https:\/\/jiuguangmetal.com\/tr\/wp-json\/wp\/v2\/users\/1"}],"replies":[{"embeddable":true,"href":"https:\/\/jiuguangmetal.com\/tr\/wp-json\/wp\/v2\/comments?post=3905"}],"version-history":[{"count":2,"href":"https:\/\/jiuguangmetal.com\/tr\/wp-json\/wp\/v2\/pages\/3905\/revisions"}],"predecessor-version":[{"id":3907,"href":"https:\/\/jiuguangmetal.com\/tr\/wp-json\/wp\/v2\/pages\/3905\/revisions\/3907"}],"wp:attachment":[{"href":"https:\/\/jiuguangmetal.com\/tr\/wp-json\/wp\/v2\/media?parent=3905"}],"curies":[{"name":"wp","href":"https:\/\/api.w.org\/{rel}","templated":true}]}}