{"id":1747,"date":"2025-07-05T10:03:02","date_gmt":"2025-07-05T02:03:02","guid":{"rendered":"https:\/\/jiuguangmetal.com\/?page_id=1747"},"modified":"2025-08-22T08:50:03","modified_gmt":"2025-08-22T00:50:03","slug":"corrimao-de-aco-inoxidavel","status":"publish","type":"page","link":"https:\/\/jiuguangmetal.com\/pt_br\/corrimao-de-aco-inoxidavel\/","title":{"rendered":"Corrim\u00e3o de a\u00e7o inoxid\u00e1vel"},"content":{"rendered":"","protected":false},"excerpt":{"rendered":"","protected":false},"author":1,"featured_media":0,"parent":0,"menu_order":20,"comment_status":"closed","ping_status":"closed","template":"product_three.php","meta":{"_acf_changed":false,"footnotes":""},"class_list":["post-1747","page","type-page","status-publish","hentry"],"acf":[],"_links":{"self":[{"href":"https:\/\/jiuguangmetal.com\/pt_br\/wp-json\/wp\/v2\/pages\/1747","targetHints":{"allow":["GET"]}}],"collection":[{"href":"https:\/\/jiuguangmetal.com\/pt_br\/wp-json\/wp\/v2\/pages"}],"about":[{"href":"https:\/\/jiuguangmetal.com\/pt_br\/wp-json\/wp\/v2\/types\/page"}],"author":[{"embeddable":true,"href":"https:\/\/jiuguangmetal.com\/pt_br\/wp-json\/wp\/v2\/users\/1"}],"replies":[{"embeddable":true,"href":"https:\/\/jiuguangmetal.com\/pt_br\/wp-json\/wp\/v2\/comments?post=1747"}],"version-history":[{"count":36,"href":"https:\/\/jiuguangmetal.com\/pt_br\/wp-json\/wp\/v2\/pages\/1747\/revisions"}],"predecessor-version":[{"id":2394,"href":"https:\/\/jiuguangmetal.com\/pt_br\/wp-json\/wp\/v2\/pages\/1747\/revisions\/2394"}],"wp:attachment":[{"href":"https:\/\/jiuguangmetal.com\/pt_br\/wp-json\/wp\/v2\/media?parent=1747"}],"curies":[{"name":"wp","href":"https:\/\/api.w.org\/{rel}","templated":true}]}}